{"id":3471,"date":"2024-12-01T06:25:34","date_gmt":"2024-12-01T05:25:34","guid":{"rendered":"https:\/\/trotamundos.cl\/?page_id=3471"},"modified":"2025-01-08T18:32:55","modified_gmt":"2025-01-08T17:32:55","slug":"ttmcup","status":"publish","type":"page","link":"https:\/\/trotamundos.cl\/index.php\/ttmcup\/","title":{"rendered":"TTM Cup"},"content":{"rendered":"\t\t<div data-elementor-type=\"wp-page\" data-elementor-id=\"3471\" class=\"elementor elementor-3471\">\n\t\t\t\t<div class=\"elementor-element elementor-element-de4e10c e-flex e-con-boxed e-con e-parent\" data-id=\"de4e10c\" data-element_type=\"container\" data-e-type=\"container\">\n\t\t\t\t\t<div class=\"e-con-inner\">\n\t\t\t\t<div class=\"elementor-element elementor-element-1a91111 elementor-widget elementor-widget-heading\" data-id=\"1a91111\" data-element_type=\"widget\" data-e-type=\"widget\" data-widget_type=\"heading.default\">\n\t\t\t\t<div class=\"elementor-widget-container\">\n\t\t\t\t\t<h2 class=\"elementor-heading-title elementor-size-default\">TTM CUP 2024<\/h2>\t\t\t\t<\/div>\n\t\t\t\t<\/div>\n\t\t\t\t\t<\/div>\n\t\t\t\t<\/div>\n\t\t<div class=\"elementor-element elementor-element-003dfbc e-flex e-con-boxed e-con e-parent\" data-id=\"003dfbc\" data-element_type=\"container\" data-e-type=\"container\">\n\t\t\t\t\t<div class=\"e-con-inner\">\n\t\t\t\t<div class=\"elementor-element elementor-element-71903c1 elementor-widget elementor-widget-text-editor\" data-id=\"71903c1\" data-element_type=\"widget\" data-e-type=\"widget\" data-widget_type=\"text-editor.default\">\n\t\t\t\t<div class=\"elementor-widget-container\">\n\t\t\t\t\t\t\t\t\t<p>Un d\u00eda muy especial, un d\u00eda para celebrar todo el esfuerzo, la dedicaci\u00f3n y la pasi\u00f3n que han puesto en cada entrenamiento y en cada partido. Ganar una copa es un gran logro, pero lo m\u00e1s importante es que todos ustedes ya son ganadores por el simple hecho de estar aqu\u00ed, participando y dando lo mejor de s\u00ed mismos.<\/p><p>Este es su d\u00eda para brillar y mostrar todo lo que han aprendido. No importa el resultado final, porque todos ustedes son campeones por haber llegado hasta aqu\u00ed.<\/p>\t\t\t\t\t\t\t\t<\/div>\n\t\t\t\t<\/div>\n\t\t\t\t\t<\/div>\n\t\t\t\t<\/div>\n\t\t<div class=\"elementor-element elementor-element-5345029 e-flex e-con-boxed e-con e-parent\" data-id=\"5345029\" data-element_type=\"container\" data-e-type=\"container\">\n\t\t\t\t\t<div class=\"e-con-inner\">\n\t\t\t\t<div class=\"elementor-element elementor-element-fe3cf8d elementor-widget elementor-widget-heading\" data-id=\"fe3cf8d\" data-element_type=\"widget\" data-e-type=\"widget\" data-widget_type=\"heading.default\">\n\t\t\t\t<div class=\"elementor-widget-container\">\n\t\t\t\t\t<h2 class=\"elementor-heading-title elementor-size-default\">Nunca dejen de creer en ustedes mismos!<\/h2>\t\t\t\t<\/div>\n\t\t\t\t<\/div>\n\t\t\t\t<div class=\"elementor-element elementor-element-b052174 elementor-widget elementor-widget-text-editor\" data-id=\"b052174\" data-element_type=\"widget\" data-e-type=\"widget\" data-widget_type=\"text-editor.default\">\n\t\t\t\t<div class=\"elementor-widget-container\">\n\t\t\t\t\t\t\t\t\t<p>El futuro del f\u00fatbol est\u00e1 en sus pies, y con la pasi\u00f3n y el esfuerzo que han demostrado, no hay duda de que lograr\u00e1n grandes cosas.<\/p>\t\t\t\t\t\t\t\t<\/div>\n\t\t\t\t<\/div>\n\t\t\t\t\t<\/div>\n\t\t\t\t<\/div>\n\t\t<div class=\"elementor-element elementor-element-a69f8be e-flex e-con-boxed e-con e-parent\" data-id=\"a69f8be\" data-element_type=\"container\" data-e-type=\"container\">\n\t\t\t\t\t<div class=\"e-con-inner\">\n\t\t\t\t<div class=\"elementor-element elementor-element-95efe75 elementor-widget elementor-widget-spacer\" data-id=\"95efe75\" data-element_type=\"widget\" data-e-type=\"widget\" data-widget_type=\"spacer.default\">\n\t\t\t\t<div class=\"elementor-widget-container\">\n\t\t\t\t\t\t\t<div class=\"elementor-spacer\">\n\t\t\t<div class=\"elementor-spacer-inner\"><\/div>\n\t\t<\/div>\n\t\t\t\t\t\t<\/div>\n\t\t\t\t<\/div>\n\t\t\t\t\t<\/div>\n\t\t\t\t<\/div>\n\t\t<div class=\"elementor-element elementor-element-a402275 e-flex e-con-boxed e-con e-parent\" data-id=\"a402275\" data-element_type=\"container\" data-e-type=\"container\">\n\t\t\t\t\t<div class=\"e-con-inner\">\n\t\t<div class=\"elementor-element elementor-element-f653df8 e-con-full e-flex e-con e-child\" data-id=\"f653df8\" data-element_type=\"container\" data-e-type=\"container\">\n\t\t\t\t<div class=\"elementor-element elementor-element-463bc99 elementor-widget elementor-widget-heading\" data-id=\"463bc99\" data-element_type=\"widget\" data-e-type=\"widget\" data-widget_type=\"heading.default\">\n\t\t\t\t<div class=\"elementor-widget-container\">\n\t\t\t\t\t<h2 class=\"elementor-heading-title elementor-size-default\">TTM CUP 01 DICIEMBRE<\/h2>\t\t\t\t<\/div>\n\t\t\t\t<\/div>\n\t\t\t\t<div class=\"elementor-element elementor-element-186bfb3 elementor-position-top elementor-widget elementor-widget-image-box\" data-id=\"186bfb3\" data-element_type=\"widget\" data-e-type=\"widget\" data-widget_type=\"image-box.default\">\n\t\t\t\t<div class=\"elementor-widget-container\">\n\t\t\t\t\t<div class=\"elementor-image-box-wrapper\"><figure class=\"elementor-image-box-img\"><a href=\"https:\/\/trotamundosproductora.pixieset.com\/ttmcup\/ttmcup1dediciembre\/\" tabindex=\"-1\"><img fetchpriority=\"high\" decoding=\"async\" width=\"1620\" height=\"1080\" src=\"https:\/\/trotamundos.cl\/wp-content\/uploads\/2025\/01\/1dedic125.jpg\" class=\"attachment-full size-full wp-image-4928\" alt=\"\" srcset=\"https:\/\/trotamundos.cl\/wp-content\/uploads\/2025\/01\/1dedic125.jpg 1620w, https:\/\/trotamundos.cl\/wp-content\/uploads\/2025\/01\/1dedic125-300x200.jpg 300w, https:\/\/trotamundos.cl\/wp-content\/uploads\/2025\/01\/1dedic125-1024x683.jpg 1024w, https:\/\/trotamundos.cl\/wp-content\/uploads\/2025\/01\/1dedic125-768x512.jpg 768w, https:\/\/trotamundos.cl\/wp-content\/uploads\/2025\/01\/1dedic125-1536x1024.jpg 1536w, https:\/\/trotamundos.cl\/wp-content\/uploads\/2025\/01\/1dedic125-310x207.jpg 310w, https:\/\/trotamundos.cl\/wp-content\/uploads\/2025\/01\/1dedic125-100x67.jpg 100w, https:\/\/trotamundos.cl\/wp-content\/uploads\/2025\/01\/1dedic125-150x100.jpg 150w, https:\/\/trotamundos.cl\/wp-content\/uploads\/2025\/01\/1dedic125-200x133.jpg 200w, https:\/\/trotamundos.cl\/wp-content\/uploads\/2025\/01\/1dedic125-450x300.jpg 450w, https:\/\/trotamundos.cl\/wp-content\/uploads\/2025\/01\/1dedic125-600x400.jpg 600w, https:\/\/trotamundos.cl\/wp-content\/uploads\/2025\/01\/1dedic125-900x600.jpg 900w\" sizes=\"(max-width: 1620px) 100vw, 1620px\" \/><\/a><\/figure><\/div>\t\t\t\t<\/div>\n\t\t\t\t<\/div>\n\t\t\t\t<\/div>\n\t\t<div class=\"elementor-element elementor-element-ccc2873 e-con-full e-flex e-con e-child\" data-id=\"ccc2873\" data-element_type=\"container\" data-e-type=\"container\">\n\t\t\t\t<div class=\"elementor-element elementor-element-b561b39 elementor-widget elementor-widget-heading\" data-id=\"b561b39\" data-element_type=\"widget\" data-e-type=\"widget\" data-widget_type=\"heading.default\">\n\t\t\t\t<div class=\"elementor-widget-container\">\n\t\t\t\t\t<h2 class=\"elementor-heading-title elementor-size-default\">TTM CUP 08 DICIEMBRE<\/h2>\t\t\t\t<\/div>\n\t\t\t\t<\/div>\n\t\t\t\t<div class=\"elementor-element elementor-element-4e005d6 elementor-position-top elementor-widget elementor-widget-image-box\" data-id=\"4e005d6\" data-element_type=\"widget\" data-e-type=\"widget\" data-widget_type=\"image-box.default\">\n\t\t\t\t<div class=\"elementor-widget-container\">\n\t\t\t\t\t<div class=\"elementor-image-box-wrapper\"><figure class=\"elementor-image-box-img\"><a href=\"https:\/\/trotamundosproductora.pixieset.com\/ttmcup\/ttmcup8dediciembre\/\" tabindex=\"-1\"><img decoding=\"async\" width=\"2560\" height=\"1707\" src=\"https:\/\/trotamundos.cl\/wp-content\/uploads\/2025\/01\/MG_1096-scaled.jpg\" class=\"attachment-full size-full wp-image-4927\" alt=\"\" srcset=\"https:\/\/trotamundos.cl\/wp-content\/uploads\/2025\/01\/MG_1096-scaled.jpg 2560w, https:\/\/trotamundos.cl\/wp-content\/uploads\/2025\/01\/MG_1096-300x200.jpg 300w, https:\/\/trotamundos.cl\/wp-content\/uploads\/2025\/01\/MG_1096-1024x683.jpg 1024w, https:\/\/trotamundos.cl\/wp-content\/uploads\/2025\/01\/MG_1096-768x512.jpg 768w, https:\/\/trotamundos.cl\/wp-content\/uploads\/2025\/01\/MG_1096-1536x1024.jpg 1536w, https:\/\/trotamundos.cl\/wp-content\/uploads\/2025\/01\/MG_1096-2048x1365.jpg 2048w, https:\/\/trotamundos.cl\/wp-content\/uploads\/2025\/01\/MG_1096-310x207.jpg 310w, https:\/\/trotamundos.cl\/wp-content\/uploads\/2025\/01\/MG_1096-100x67.jpg 100w, https:\/\/trotamundos.cl\/wp-content\/uploads\/2025\/01\/MG_1096-150x100.jpg 150w, https:\/\/trotamundos.cl\/wp-content\/uploads\/2025\/01\/MG_1096-200x133.jpg 200w, https:\/\/trotamundos.cl\/wp-content\/uploads\/2025\/01\/MG_1096-450x300.jpg 450w, https:\/\/trotamundos.cl\/wp-content\/uploads\/2025\/01\/MG_1096-600x400.jpg 600w, https:\/\/trotamundos.cl\/wp-content\/uploads\/2025\/01\/MG_1096-900x600.jpg 900w\" sizes=\"(max-width: 2560px) 100vw, 2560px\" \/><\/a><\/figure><\/div>\t\t\t\t<\/div>\n\t\t\t\t<\/div>\n\t\t\t\t<\/div>\n\t\t\t\t\t<\/div>\n\t\t\t\t<\/div>\n\t\t<div class=\"elementor-element elementor-element-3d12932 e-flex e-con-boxed e-con e-parent\" data-id=\"3d12932\" data-element_type=\"container\" data-e-type=\"container\">\n\t\t\t\t\t<div class=\"e-con-inner\">\n\t\t\t\t<div class=\"elementor-element elementor-element-a15c570 elementor-widget elementor-widget-spacer\" data-id=\"a15c570\" data-element_type=\"widget\" data-e-type=\"widget\" data-widget_type=\"spacer.default\">\n\t\t\t\t<div class=\"elementor-widget-container\">\n\t\t\t\t\t\t\t<div class=\"elementor-spacer\">\n\t\t\t<div class=\"elementor-spacer-inner\"><\/div>\n\t\t<\/div>\n\t\t\t\t\t\t<\/div>\n\t\t\t\t<\/div>\n\t\t\t\t\t<\/div>\n\t\t\t\t<\/div>\n\t\t<div class=\"elementor-element elementor-element-b62a3e5 e-flex e-con-boxed e-con e-parent\" data-id=\"b62a3e5\" data-element_type=\"container\" data-e-type=\"container\">\n\t\t\t\t\t<div class=\"e-con-inner\">\n\t\t\t\t<div class=\"elementor-element elementor-element-2b7a95d elementor-widget elementor-widget-text-editor\" data-id=\"2b7a95d\" data-element_type=\"widget\" data-e-type=\"widget\" data-widget_type=\"text-editor.default\">\n\t\t\t\t<div class=\"elementor-widget-container\">\n\t\t\t\t\t\t\t\t\t<p>La lucha por la copa es un viaje lleno de desaf\u00edos, emociones y aprendizajes. Cada partido es una oportunidad para demostrar su valent\u00eda, su esp\u00edritu de equipo y su amor por el deporte. En este camino, enfrentar\u00e1n rivales fuertes, superar\u00e1n obst\u00e1culos y aprender\u00e1n a levantarse despu\u00e9s de cada ca\u00edda.<\/p><p>La copa representa mucho m\u00e1s que un trofeo; es el s\u00edmbolo de todo el esfuerzo, la dedicaci\u00f3n y la pasi\u00f3n que han puesto en cada entrenamiento y en cada juego. Es el reflejo de las horas de pr\u00e1ctica, de los momentos de alegr\u00eda y de las lecciones aprendidas en cada derrota.<\/p><p>Recuerden que la verdadera victoria no est\u00e1 solo en ganar la copa, sino en la lucha misma. En cada pase, en cada gol, en cada defensa, est\u00e1n construyendo su car\u00e1cter y fortaleciendo su esp\u00edritu. Est\u00e1n aprendiendo a trabajar en equipo, a confiar en sus compa\u00f1eros y a nunca rendirse, sin importar cu\u00e1n dif\u00edcil sea el desaf\u00edo.<\/p>\t\t\t\t\t\t\t\t<\/div>\n\t\t\t\t<\/div>\n\t\t\t\t\t<\/div>\n\t\t\t\t<\/div>\n\t\t<div class=\"elementor-element elementor-element-57a0dfd e-flex e-con-boxed e-con e-parent\" data-id=\"57a0dfd\" data-element_type=\"container\" data-e-type=\"container\">\n\t\t\t\t\t<div class=\"e-con-inner\">\n\t\t\t\t<div class=\"elementor-element elementor-element-4b4aab2 elementor-widget elementor-widget-heading\" data-id=\"4b4aab2\" data-element_type=\"widget\" data-e-type=\"widget\" data-widget_type=\"heading.default\">\n\t\t\t\t<div class=\"elementor-widget-container\">\n\t\t\t\t\t<h2 class=\"elementor-heading-title elementor-size-default\">Respeto<\/h2>\t\t\t\t<\/div>\n\t\t\t\t<\/div>\n\t\t\t\t\t<\/div>\n\t\t\t\t<\/div>\n\t\t<div class=\"elementor-element elementor-element-a05e82d e-flex e-con-boxed e-con e-parent\" data-id=\"a05e82d\" data-element_type=\"container\" data-e-type=\"container\">\n\t\t\t\t\t<div class=\"e-con-inner\">\n\t\t\t\t<div class=\"elementor-element elementor-element-b7bbef9 elementor-widget elementor-widget-text-editor\" data-id=\"b7bbef9\" data-element_type=\"widget\" data-e-type=\"widget\" data-widget_type=\"text-editor.default\">\n\t\t\t\t<div class=\"elementor-widget-container\">\n\t\t\t\t\t\t\t\t\t<p><span class=\"OYPEnA font-feature-liga-off font-feature-clig-off font-feature-calt-off text-decoration-none text-strikethrough-none\">Nos reunimos para celebrar el f\u00fatbol, un deporte que nos une y nos ense\u00f1a valores fundamentales como el respeto, la camarader\u00eda y el trabajo en equipo. Para que esta jornada sea inolvidable y todos puedan disfrutar de la mejor experiencia futbolera posible, es esencial que todos contribuyamos con una actitud positiva y respetuosa.<\/span><\/p>\t\t\t\t\t\t\t\t<\/div>\n\t\t\t\t<\/div>\n\t\t\t\t<div class=\"elementor-element elementor-element-363988e elementor-widget elementor-widget-heading\" data-id=\"363988e\" data-element_type=\"widget\" data-e-type=\"widget\" data-widget_type=\"heading.default\">\n\t\t\t\t<div class=\"elementor-widget-container\">\n\t\t\t\t\t<h2 class=\"elementor-heading-title elementor-size-default\">Respeto hacia el cuerpo arbitral<\/h2>\t\t\t\t<\/div>\n\t\t\t\t<\/div>\n\t\t\t\t<div class=\"elementor-element elementor-element-9dc12f3 elementor-widget elementor-widget-text-editor\" data-id=\"9dc12f3\" data-element_type=\"widget\" data-e-type=\"widget\" data-widget_type=\"text-editor.default\">\n\t\t\t\t<div class=\"elementor-widget-container\">\n\t\t\t\t\t\t\t\t\t<p><span class=\"OYPEnA font-feature-liga-off font-feature-clig-off font-feature-calt-off text-decoration-none text-strikethrough-none\">Los \u00e1rbitros est\u00e1n aqu\u00ed para garantizar que los partidos se desarrollen de manera justa y segura. Agradezcamos su labor y respetemos sus decisiones, recordando que ellos tambi\u00e9n son parte fundamental del juego.<\/span><\/p>\t\t\t\t\t\t\t\t<\/div>\n\t\t\t\t<\/div>\n\t\t\t\t<div class=\"elementor-element elementor-element-676510d elementor-widget elementor-widget-heading\" data-id=\"676510d\" data-element_type=\"widget\" data-e-type=\"widget\" data-widget_type=\"heading.default\">\n\t\t\t\t<div class=\"elementor-widget-container\">\n\t\t\t\t\t<h2 class=\"elementor-heading-title elementor-size-default\">Respeto hacia el staff del campeonato<\/h2>\t\t\t\t<\/div>\n\t\t\t\t<\/div>\n\t\t\t\t<div class=\"elementor-element elementor-element-30b95b8 elementor-widget elementor-widget-text-editor\" data-id=\"30b95b8\" data-element_type=\"widget\" data-e-type=\"widget\" data-widget_type=\"text-editor.default\">\n\t\t\t\t<div class=\"elementor-widget-container\">\n\t\t\t\t\t\t\t\t\t<p><span class=\"OYPEnA font-feature-liga-off font-feature-clig-off font-feature-calt-off text-decoration-none text-strikethrough-none\">El equipo organizador ha trabajado arduamente en este evento para que los participantes tengan una excelente experiencia en torno al deporte. Valoremos su esfuerzo y colaboremos con ellos en todo lo que necesiten.<\/span><\/p>\t\t\t\t\t\t\t\t<\/div>\n\t\t\t\t<\/div>\n\t\t\t\t<div class=\"elementor-element elementor-element-d2f3e7f elementor-widget elementor-widget-heading\" data-id=\"d2f3e7f\" data-element_type=\"widget\" data-e-type=\"widget\" data-widget_type=\"heading.default\">\n\t\t\t\t<div class=\"elementor-widget-container\">\n\t\t\t\t\t<h2 class=\"elementor-heading-title elementor-size-default\">Respeto hacia los jugadores y jugadoras<\/h2>\t\t\t\t<\/div>\n\t\t\t\t<\/div>\n\t\t\t\t<div class=\"elementor-element elementor-element-0fc8cf3 elementor-widget elementor-widget-text-editor\" data-id=\"0fc8cf3\" data-element_type=\"widget\" data-e-type=\"widget\" data-widget_type=\"text-editor.default\">\n\t\t\t\t<div class=\"elementor-widget-container\">\n\t\t\t\t\t\t\t\t\t<p><span class=\"OYPEnA font-feature-liga-off font-feature-clig-off font-feature-calt-off text-decoration-none text-strikethrough-none\">Cada ni\u00f1o y ni\u00f1a en el campo ha puesto su coraz\u00f3n y alma en este deporte. Anim\u00e9moslos con entusiasmo, celebremos sus logros y apoy\u00e9moslos en los momentos dif\u00edciles, sin importar el resultado.<\/span><\/p>\t\t\t\t\t\t\t\t<\/div>\n\t\t\t\t<\/div>\n\t\t\t\t<div class=\"elementor-element elementor-element-cc100c4 elementor-widget elementor-widget-heading\" data-id=\"cc100c4\" data-element_type=\"widget\" data-e-type=\"widget\" data-widget_type=\"heading.default\">\n\t\t\t\t<div class=\"elementor-widget-container\">\n\t\t\t\t\t<h2 class=\"elementor-heading-title elementor-size-default\">Respeto hacia los entrenadores<\/h2>\t\t\t\t<\/div>\n\t\t\t\t<\/div>\n\t\t\t\t<div class=\"elementor-element elementor-element-c5f46a3 elementor-widget elementor-widget-text-editor\" data-id=\"c5f46a3\" data-element_type=\"widget\" data-e-type=\"widget\" data-widget_type=\"text-editor.default\">\n\t\t\t\t<div class=\"elementor-widget-container\">\n\t\t\t\t\t\t\t\t\t<p><span class=\"OYPEnA font-feature-liga-off font-feature-clig-off font-feature-calt-off text-decoration-none text-strikethrough-none\">Los entrenadores son gu\u00edas y mentores que dedican su tiempo y conocimiento para formar a nuestros j\u00f3venes. Reconozcamos su dedicaci\u00f3n y sigamos sus indicaciones con atenci\u00f3n y respeto.<\/span><\/p>\t\t\t\t\t\t\t\t<\/div>\n\t\t\t\t<\/div>\n\t\t\t\t<div class=\"elementor-element elementor-element-e244723 elementor-widget elementor-widget-heading\" data-id=\"e244723\" data-element_type=\"widget\" data-e-type=\"widget\" data-widget_type=\"heading.default\">\n\t\t\t\t<div class=\"elementor-widget-container\">\n\t\t\t\t\t<h2 class=\"elementor-heading-title elementor-size-default\">Respeto hacia los acompa\u00f1antes y rivales<\/h2>\t\t\t\t<\/div>\n\t\t\t\t<\/div>\n\t\t\t\t<div class=\"elementor-element elementor-element-5a772ba elementor-widget elementor-widget-text-editor\" data-id=\"5a772ba\" data-element_type=\"widget\" data-e-type=\"widget\" data-widget_type=\"text-editor.default\">\n\t\t\t\t<div class=\"elementor-widget-container\">\n\t\t\t\t\t\t\t\t\t<p><span class=\"OYPEnA font-feature-liga-off font-feature-clig-off font-feature-calt-off text-decoration-none text-strikethrough-none\">Los padres, familiares y amigos que est\u00e1n aqu\u00ed para apoyar merecen nuestro agradecimiento por su presencia y \u00e1nimo. Asimismo, recordemos que nuestros rivales son compa\u00f1eros de este hermoso deporte. Juguemos con esp\u00edritu deportivo y celebremos el esfuerzo de todos. Apoyemos a nuestros equipos con alegr\u00eda y respeto, y demostremos que el verdadero esp\u00edritu del deporte est\u00e1 en la uni\u00f3n y el respeto mutuo.<\/span><\/p>\t\t\t\t\t\t\t\t<\/div>\n\t\t\t\t<\/div>\n\t\t\t\t\t<\/div>\n\t\t\t\t<\/div>\n\t\t<div class=\"elementor-element elementor-element-9437cb0 e-flex e-con-boxed e-con e-parent\" data-id=\"9437cb0\" data-element_type=\"container\" data-e-type=\"container\">\n\t\t\t\t\t<div class=\"e-con-inner\">\n\t\t<div class=\"elementor-element elementor-element-e98243e e-con-full e-flex e-con e-child\" data-id=\"e98243e\" data-element_type=\"container\" data-e-type=\"container\">\n\t\t\t\t<div class=\"elementor-element elementor-element-29e5d6c elementor-widget elementor-widget-heading\" data-id=\"29e5d6c\" data-element_type=\"widget\" data-e-type=\"widget\" data-widget_type=\"heading.default\">\n\t\t\t\t<div class=\"elementor-widget-container\">\n\t\t\t\t\t<h2 class=\"elementor-heading-title elementor-size-default\">Servicios<\/h2>\t\t\t\t<\/div>\n\t\t\t\t<\/div>\n\t\t\t\t<div class=\"elementor-element elementor-element-8859924 elementor-widget elementor-widget-image\" data-id=\"8859924\" data-element_type=\"widget\" data-e-type=\"widget\" data-widget_type=\"image.default\">\n\t\t\t\t<div class=\"elementor-widget-container\">\n\t\t\t\t\t\t\t\t\t\t\t\t\t\t\t<img decoding=\"async\" width=\"605\" height=\"439\" src=\"https:\/\/trotamundos.cl\/wp-content\/uploads\/2024\/12\/20-1.png\" class=\"attachment-large size-large wp-image-3528\" alt=\"\" srcset=\"https:\/\/trotamundos.cl\/wp-content\/uploads\/2024\/12\/20-1.png 1006w, https:\/\/trotamundos.cl\/wp-content\/uploads\/2024\/12\/20-1-300x218.png 300w, https:\/\/trotamundos.cl\/wp-content\/uploads\/2024\/12\/20-1-768x557.png 768w, https:\/\/trotamundos.cl\/wp-content\/uploads\/2024\/12\/20-1-310x225.png 310w\" sizes=\"(max-width: 605px) 100vw, 605px\" \/>\t\t\t\t\t\t\t\t\t\t\t\t\t\t\t<\/div>\n\t\t\t\t<\/div>\n\t\t\t\t<\/div>\n\t\t<div class=\"elementor-element elementor-element-fa37d50 e-con-full e-flex e-con e-child\" data-id=\"fa37d50\" data-element_type=\"container\" data-e-type=\"container\">\n\t\t\t\t<div class=\"elementor-element elementor-element-bd208ac elementor-widget elementor-widget-heading\" data-id=\"bd208ac\" data-element_type=\"widget\" data-e-type=\"widget\" data-widget_type=\"heading.default\">\n\t\t\t\t<div class=\"elementor-widget-container\">\n\t\t\t\t\t<h2 class=\"elementor-heading-title elementor-size-default\">Premiaci\u00f3n<\/h2>\t\t\t\t<\/div>\n\t\t\t\t<\/div>\n\t\t\t\t<div class=\"elementor-element elementor-element-788d9aa elementor-widget elementor-widget-image\" data-id=\"788d9aa\" data-element_type=\"widget\" data-e-type=\"widget\" data-widget_type=\"image.default\">\n\t\t\t\t<div class=\"elementor-widget-container\">\n\t\t\t\t\t\t\t\t\t\t\t\t\t\t\t<img loading=\"lazy\" decoding=\"async\" width=\"605\" height=\"423\" src=\"https:\/\/trotamundos.cl\/wp-content\/uploads\/2024\/12\/21.png\" class=\"attachment-large size-large wp-image-3529\" alt=\"\" srcset=\"https:\/\/trotamundos.cl\/wp-content\/uploads\/2024\/12\/21.png 1010w, https:\/\/trotamundos.cl\/wp-content\/uploads\/2024\/12\/21-300x210.png 300w, https:\/\/trotamundos.cl\/wp-content\/uploads\/2024\/12\/21-768x537.png 768w, https:\/\/trotamundos.cl\/wp-content\/uploads\/2024\/12\/21-310x217.png 310w\" sizes=\"(max-width: 605px) 100vw, 605px\" \/>\t\t\t\t\t\t\t\t\t\t\t\t\t\t\t<\/div>\n\t\t\t\t<\/div>\n\t\t\t\t<\/div>\n\t\t\t\t\t<\/div>\n\t\t\t\t<\/div>\n\t\t\t\t<\/div>\n\t\t","protected":false},"excerpt":{"rendered":"<p>TTM CUP 2024 Un d\u00eda muy especial, un d\u00eda para celebrar todo el esfuerzo, la dedicaci\u00f3n y la pasi\u00f3n que han puesto en cada entrenamiento y en cada partido. Ganar una copa es un gran logro, pero lo m\u00e1s importante &hellip;<\/p>\n<p class=\"read-more\"> <a class=\"more-link\" href=\"https:\/\/trotamundos.cl\/index.php\/ttmcup\/\"> <span class=\"screen-reader-text\">TTM Cup<\/span> Leer m\u00e1s \u00bb<\/a><\/p>\n","protected":false},"author":1,"featured_media":0,"parent":0,"menu_order":0,"comment_status":"closed","ping_status":"closed","template":"","meta":{"footnotes":""},"class_list":["post-3471","page","type-page","status-publish","hentry"],"_links":{"self":[{"href":"https:\/\/trotamundos.cl\/index.php\/wp-json\/wp\/v2\/pages\/3471","targetHints":{"allow":["GET"]}}],"collection":[{"href":"https:\/\/trotamundos.cl\/index.php\/wp-json\/wp\/v2\/pages"}],"about":[{"href":"https:\/\/trotamundos.cl\/index.php\/wp-json\/wp\/v2\/types\/page"}],"author":[{"embeddable":true,"href":"https:\/\/trotamundos.cl\/index.php\/wp-json\/wp\/v2\/users\/1"}],"replies":[{"embeddable":true,"href":"https:\/\/trotamundos.cl\/index.php\/wp-json\/wp\/v2\/comments?post=3471"}],"version-history":[{"count":26,"href":"https:\/\/trotamundos.cl\/index.php\/wp-json\/wp\/v2\/pages\/3471\/revisions"}],"predecessor-version":[{"id":4931,"href":"https:\/\/trotamundos.cl\/index.php\/wp-json\/wp\/v2\/pages\/3471\/revisions\/4931"}],"wp:attachment":[{"href":"https:\/\/trotamundos.cl\/index.php\/wp-json\/wp\/v2\/media?parent=3471"}],"curies":[{"name":"wp","href":"https:\/\/api.w.org\/{rel}","templated":true}]}}